{"id":17,"date":"2015-10-06T18:03:47","date_gmt":"2015-10-06T16:03:47","guid":{"rendered":"http:\/\/fotodaniel.de\/wp\/?page_id=17"},"modified":"2015-10-06T19:30:48","modified_gmt":"2015-10-06T17:30:48","slug":"erotik","status":"publish","type":"page","link":"http:\/\/fotodaniel.de\/?page_id=17","title":{"rendered":"Erotik"},"content":{"rendered":"<p>Eines der pers\u00f6nlichsten Geschenke, die Sie Ihrem liebsten machen k\u00f6nnen.<br \/>\nMein Ziel ist es den weiblichen K\u00f6rper in seiner ganzen sinnlichen Sch\u00f6nheit wiederzugeben.<br \/>\nVerf\u00fchrerisch werden Sie in Szene gesetzt &#8230;<\/p>\n<div id=\"kad-wp-gallery19\" class=\"kad-wp-gallery kad-light-wp-gallery clearfix kt-gallery-column-3 rowtight\"><div class=\"tcol-lg-4 tcol-md-4 tcol-sm-4 tcol-xs-6 tcol-ss-12 g_item\"><div class=\"grid_item kad_gallery_fade_in gallery_item\"><a href=\"http:\/\/fotodaniel.de\/wp\/wp-content\/uploads\/2015\/10\/325-Kopie.jpg\" data-rel=\"lightbox\" class=\"lightboxhover\"><img src=\"http:\/\/fotodaniel.de\/wp\/wp-content\/uploads\/2015\/10\/325-Kopie.jpg\" width=\"338\" height=\"450\" alt=\"\" srcset=\"http:\/\/fotodaniel.de\/wp\/wp-content\/uploads\/2015\/10\/325-Kopie.jpg 338w, http:\/\/fotodaniel.de\/wp\/wp-content\/uploads\/2015\/10\/325-Kopie-225x300.jpg 225w\" sizes=\"(max-width: 338px) 100vw, 338px\" class=\"light-dropshaddow\"\/><\/a><\/div><\/div><div class=\"tcol-lg-4 tcol-md-4 tcol-sm-4 tcol-xs-6 tcol-ss-12 g_item\"><div class=\"grid_item kad_gallery_fade_in gallery_item\"><a href=\"http:\/\/fotodaniel.de\/wp\/wp-content\/uploads\/2015\/10\/173.jpg\" data-rel=\"lightbox\" class=\"lightboxhover\"><img src=\"http:\/\/fotodaniel.de\/wp\/wp-content\/uploads\/2015\/10\/173.jpg\" width=\"337\" height=\"450\" alt=\"\" srcset=\"http:\/\/fotodaniel.de\/wp\/wp-content\/uploads\/2015\/10\/173.jpg 337w, http:\/\/fotodaniel.de\/wp\/wp-content\/uploads\/2015\/10\/173-225x300.jpg 225w\" sizes=\"(max-width: 337px) 100vw, 337px\" class=\"light-dropshaddow\"\/><\/a><\/div><\/div><div class=\"tcol-lg-4 tcol-md-4 tcol-sm-4 tcol-xs-6 tcol-ss-12 g_item\"><div class=\"grid_item kad_gallery_fade_in gallery_item\"><a href=\"http:\/\/fotodaniel.de\/wp\/wp-content\/uploads\/2015\/10\/28.jpg\" data-rel=\"lightbox\" class=\"lightboxhover\"><img src=\"http:\/\/fotodaniel.de\/wp\/wp-content\/uploads\/2015\/10\/28.jpg\" width=\"337\" height=\"450\" alt=\"\" srcset=\"http:\/\/fotodaniel.de\/wp\/wp-content\/uploads\/2015\/10\/28.jpg 337w, http:\/\/fotodaniel.de\/wp\/wp-content\/uploads\/2015\/10\/28-225x300.jpg 225w\" sizes=\"(max-width: 337px) 100vw, 337px\" class=\"light-dropshaddow\"\/><\/a><\/div><\/div><div class=\"tcol-lg-4 tcol-md-4 tcol-sm-4 tcol-xs-6 tcol-ss-12 g_item\"><div class=\"grid_item kad_gallery_fade_in gallery_item\"><a href=\"http:\/\/fotodaniel.de\/wp\/wp-content\/uploads\/2015\/10\/25.jpg\" data-rel=\"lightbox\" class=\"lightboxhover\"><img src=\"http:\/\/fotodaniel.de\/wp\/wp-content\/uploads\/2015\/10\/25.jpg\" width=\"338\" height=\"450\" alt=\"\" srcset=\"http:\/\/fotodaniel.de\/wp\/wp-content\/uploads\/2015\/10\/25.jpg 338w, http:\/\/fotodaniel.de\/wp\/wp-content\/uploads\/2015\/10\/25-225x300.jpg 225w\" sizes=\"(max-width: 338px) 100vw, 338px\" class=\"light-dropshaddow\"\/><\/a><\/div><\/div><div class=\"tcol-lg-4 tcol-md-4 tcol-sm-4 tcol-xs-6 tcol-ss-12 g_item\"><div class=\"grid_item kad_gallery_fade_in gallery_item\"><a href=\"http:\/\/fotodaniel.de\/wp\/wp-content\/uploads\/2015\/10\/19.jpg\" data-rel=\"lightbox\" class=\"lightboxhover\"><img src=\"http:\/\/fotodaniel.de\/wp\/wp-content\/uploads\/2015\/10\/19.jpg\" width=\"338\" height=\"450\" alt=\"\" srcset=\"http:\/\/fotodaniel.de\/wp\/wp-content\/uploads\/2015\/10\/19.jpg 338w, http:\/\/fotodaniel.de\/wp\/wp-content\/uploads\/2015\/10\/19-225x300.jpg 225w\" sizes=\"(max-width: 338px) 100vw, 338px\" class=\"light-dropshaddow\"\/><\/a><\/div><\/div><\/div>\n","protected":false},"excerpt":{"rendered":"<p>Eines der pers\u00f6nlichsten Geschenke, die Sie Ihrem liebsten machen k\u00f6nnen. Mein Ziel ist es den weiblichen K\u00f6rper in seiner ganzen sinnlichen Sch\u00f6nheit wiederzugeben. Verf\u00fchrerisch werden Sie in Szene gesetzt &#8230;<\/p>\n","protected":false},"author":1,"featured_media":0,"parent":9,"menu_order":0,"comment_status":"closed","ping_status":"closed","template":"page-fullwidth.php","meta":[],"_links":{"self":[{"href":"http:\/\/fotodaniel.de\/index.php?rest_route=\/wp\/v2\/pages\/17"}],"collection":[{"href":"http:\/\/fotodaniel.de\/index.php?rest_route=\/wp\/v2\/pages"}],"about":[{"href":"http:\/\/fotodaniel.de\/index.php?rest_route=\/wp\/v2\/types\/page"}],"author":[{"embeddable":true,"href":"http:\/\/fotodaniel.de\/index.php?rest_route=\/wp\/v2\/users\/1"}],"replies":[{"embeddable":true,"href":"http:\/\/fotodaniel.de\/index.php?rest_route=%2Fwp%2Fv2%2Fcomments&post=17"}],"version-history":[{"count":3,"href":"http:\/\/fotodaniel.de\/index.php?rest_route=\/wp\/v2\/pages\/17\/revisions"}],"predecessor-version":[{"id":91,"href":"http:\/\/fotodaniel.de\/index.php?rest_route=\/wp\/v2\/pages\/17\/revisions\/91"}],"up":[{"embeddable":true,"href":"http:\/\/fotodaniel.de\/index.php?rest_route=\/wp\/v2\/pages\/9"}],"wp:attachment":[{"href":"http:\/\/fotodaniel.de\/index.php?rest_route=%2Fwp%2Fv2%2Fmedia&parent=17"}],"curies":[{"name":"wp","href":"https:\/\/api.w.org\/{rel}","templated":true}]}}