{"id":21,"date":"2015-10-06T18:05:00","date_gmt":"2015-10-06T16:05:00","guid":{"rendered":"http:\/\/fotodaniel.de\/wp\/?page_id=21"},"modified":"2015-10-06T19:33:43","modified_gmt":"2015-10-06T17:33:43","slug":"kids","status":"publish","type":"page","link":"http:\/\/fotodaniel.de\/?page_id=21","title":{"rendered":"Kids"},"content":{"rendered":"<p>Unsere Kleinen werden leider schneller erwachsen, als wir m\u00f6chten. Dies in liebevollen und unvergesslichen Eindr\u00fccken festzuhalten, habe ich mir zu Aufgabe gemacht.<br \/>\nDie entstandenen Bilder bleiben eine wundersch\u00f6ne Erinnerung f\u00fcrs ganze Leben, auf die man nicht nur als Elternteil gerne zur\u00fcck blickt.<br \/>\nF\u00fcr den Nachwuchs selbst ist es ein riesiger Spass, die eigenen Kinderfotos sp\u00e4ter zu betrachten und gemeinsam mit den Eltern in lustigen Erinnerungen zu schwelgen.<\/p>\n<div id=\"kad-wp-gallery56\" class=\"kad-wp-gallery kad-light-wp-gallery clearfix kt-gallery-column-3 rowtight\"><div class=\"tcol-lg-4 tcol-md-4 tcol-sm-4 tcol-xs-6 tcol-ss-12 g_item\"><div class=\"grid_item kad_gallery_fade_in gallery_item\"><a href=\"http:\/\/fotodaniel.de\/wp\/wp-content\/uploads\/2015\/10\/DSC_0123.jpg\" data-rel=\"lightbox\" class=\"lightboxhover\"><img src=\"http:\/\/fotodaniel.de\/wp\/wp-content\/uploads\/2015\/10\/DSC_0123.jpg\" width=\"338\" height=\"450\" alt=\"\" srcset=\"http:\/\/fotodaniel.de\/wp\/wp-content\/uploads\/2015\/10\/DSC_0123.jpg 338w, http:\/\/fotodaniel.de\/wp\/wp-content\/uploads\/2015\/10\/DSC_0123-225x300.jpg 225w\" sizes=\"(max-width: 338px) 100vw, 338px\" class=\"light-dropshaddow\"\/><\/a><\/div><\/div><div class=\"tcol-lg-4 tcol-md-4 tcol-sm-4 tcol-xs-6 tcol-ss-12 g_item\"><div class=\"grid_item kad_gallery_fade_in gallery_item\"><a href=\"http:\/\/fotodaniel.de\/wp\/wp-content\/uploads\/2015\/10\/85.jpg\" data-rel=\"lightbox\" class=\"lightboxhover\"><img src=\"http:\/\/fotodaniel.de\/wp\/wp-content\/uploads\/2015\/10\/85.jpg\" width=\"337\" height=\"450\" alt=\"\" srcset=\"http:\/\/fotodaniel.de\/wp\/wp-content\/uploads\/2015\/10\/85.jpg 337w, http:\/\/fotodaniel.de\/wp\/wp-content\/uploads\/2015\/10\/85-225x300.jpg 225w\" sizes=\"(max-width: 337px) 100vw, 337px\" class=\"light-dropshaddow\"\/><\/a><\/div><\/div><div class=\"tcol-lg-4 tcol-md-4 tcol-sm-4 tcol-xs-6 tcol-ss-12 g_item\"><div class=\"grid_item kad_gallery_fade_in gallery_item\"><a href=\"http:\/\/fotodaniel.de\/wp\/wp-content\/uploads\/2015\/10\/018-1.jpg\" data-rel=\"lightbox\" class=\"lightboxhover\"><img src=\"http:\/\/fotodaniel.de\/wp\/wp-content\/uploads\/2015\/10\/018-1.jpg\" width=\"338\" height=\"450\" alt=\"\" srcset=\"http:\/\/fotodaniel.de\/wp\/wp-content\/uploads\/2015\/10\/018-1.jpg 338w, http:\/\/fotodaniel.de\/wp\/wp-content\/uploads\/2015\/10\/018-1-225x300.jpg 225w\" sizes=\"(max-width: 338px) 100vw, 338px\" class=\"light-dropshaddow\"\/><\/a><\/div><\/div><div class=\"tcol-lg-4 tcol-md-4 tcol-sm-4 tcol-xs-6 tcol-ss-12 g_item\"><div class=\"grid_item kad_gallery_fade_in gallery_item\"><a href=\"http:\/\/fotodaniel.de\/wp\/wp-content\/uploads\/2015\/10\/005.jpg\" data-rel=\"lightbox\" class=\"lightboxhover\"><img src=\"http:\/\/fotodaniel.de\/wp\/wp-content\/uploads\/2015\/10\/005-400x400.jpg\" width=\"400\" height=\"400\" alt=\"\" srcset=\"http:\/\/fotodaniel.de\/wp\/wp-content\/uploads\/2015\/10\/005-400x400.jpg 400w, http:\/\/fotodaniel.de\/wp\/wp-content\/uploads\/2015\/10\/005-150x150.jpg 150w\" sizes=\"(max-width: 400px) 100vw, 400px\" class=\"light-dropshaddow\"\/><\/a><\/div><\/div><div class=\"tcol-lg-4 tcol-md-4 tcol-sm-4 tcol-xs-6 tcol-ss-12 g_item\"><div class=\"grid_item kad_gallery_fade_in gallery_item\"><a href=\"http:\/\/fotodaniel.de\/wp\/wp-content\/uploads\/2015\/10\/0060.jpg\" data-rel=\"lightbox\" class=\"lightboxhover\"><img src=\"http:\/\/fotodaniel.de\/wp\/wp-content\/uploads\/2015\/10\/0060-400x400.jpg\" width=\"400\" height=\"400\" alt=\"\" srcset=\"http:\/\/fotodaniel.de\/wp\/wp-content\/uploads\/2015\/10\/0060-400x400.jpg 400w, http:\/\/fotodaniel.de\/wp\/wp-content\/uploads\/2015\/10\/0060-150x150.jpg 150w\" sizes=\"(max-width: 400px) 100vw, 400px\" class=\"light-dropshaddow\"\/><\/a><\/div><\/div><div class=\"tcol-lg-4 tcol-md-4 tcol-sm-4 tcol-xs-6 tcol-ss-12 g_item\"><div class=\"grid_item kad_gallery_fade_in gallery_item\"><a href=\"http:\/\/fotodaniel.de\/wp\/wp-content\/uploads\/2015\/10\/012.jpg\" data-rel=\"lightbox\" class=\"lightboxhover\"><img src=\"http:\/\/fotodaniel.de\/wp\/wp-content\/uploads\/2015\/10\/012.jpg\" width=\"338\" height=\"450\" alt=\"\" srcset=\"http:\/\/fotodaniel.de\/wp\/wp-content\/uploads\/2015\/10\/012.jpg 338w, http:\/\/fotodaniel.de\/wp\/wp-content\/uploads\/2015\/10\/012-225x300.jpg 225w\" sizes=\"(max-width: 338px) 100vw, 338px\" class=\"light-dropshaddow\"\/><\/a><\/div><\/div><div class=\"tcol-lg-4 tcol-md-4 tcol-sm-4 tcol-xs-6 tcol-ss-12 g_item\"><div class=\"grid_item kad_gallery_fade_in gallery_item\"><a href=\"http:\/\/fotodaniel.de\/wp\/wp-content\/uploads\/2015\/10\/Juli.jpg\" data-rel=\"lightbox\" class=\"lightboxhover\"><img src=\"http:\/\/fotodaniel.de\/wp\/wp-content\/uploads\/2015\/10\/Juli.jpg\" width=\"338\" height=\"450\" alt=\"\" srcset=\"http:\/\/fotodaniel.de\/wp\/wp-content\/uploads\/2015\/10\/Juli.jpg 338w, http:\/\/fotodaniel.de\/wp\/wp-content\/uploads\/2015\/10\/Juli-225x300.jpg 225w\" sizes=\"(max-width: 338px) 100vw, 338px\" class=\"light-dropshaddow\"\/><\/a><\/div><\/div><\/div>\n","protected":false},"excerpt":{"rendered":"<p>Unsere Kleinen werden leider schneller erwachsen, als wir m\u00f6chten. Dies in liebevollen und unvergesslichen Eindr\u00fccken festzuhalten, habe ich mir zu Aufgabe gemacht. Die entstandenen Bilder bleiben eine wundersch\u00f6ne Erinnerung f\u00fcrs ganze Leben, auf die man nicht nur als Elternteil gerne &hellip; <a href=\"http:\/\/fotodaniel.de\/?page_id=21\">Weiter<\/a><\/p>\n","protected":false},"author":1,"featured_media":0,"parent":9,"menu_order":0,"comment_status":"closed","ping_status":"closed","template":"page-fullwidth.php","meta":[],"_links":{"self":[{"href":"http:\/\/fotodaniel.de\/index.php?rest_route=\/wp\/v2\/pages\/21"}],"collection":[{"href":"http:\/\/fotodaniel.de\/index.php?rest_route=\/wp\/v2\/pages"}],"about":[{"href":"http:\/\/fotodaniel.de\/index.php?rest_route=\/wp\/v2\/types\/page"}],"author":[{"embeddable":true,"href":"http:\/\/fotodaniel.de\/index.php?rest_route=\/wp\/v2\/users\/1"}],"replies":[{"embeddable":true,"href":"http:\/\/fotodaniel.de\/index.php?rest_route=%2Fwp%2Fv2%2Fcomments&post=21"}],"version-history":[{"count":3,"href":"http:\/\/fotodaniel.de\/index.php?rest_route=\/wp\/v2\/pages\/21\/revisions"}],"predecessor-version":[{"id":94,"href":"http:\/\/fotodaniel.de\/index.php?rest_route=\/wp\/v2\/pages\/21\/revisions\/94"}],"up":[{"embeddable":true,"href":"http:\/\/fotodaniel.de\/index.php?rest_route=\/wp\/v2\/pages\/9"}],"wp:attachment":[{"href":"http:\/\/fotodaniel.de\/index.php?rest_route=%2Fwp%2Fv2%2Fmedia&parent=21"}],"curies":[{"name":"wp","href":"https:\/\/api.w.org\/{rel}","templated":true}]}}